{"id":14,"date":"2023-09-07T00:06:31","date_gmt":"2023-09-06T22:06:31","guid":{"rendered":"https:\/\/unacura.com\/?page_id=14"},"modified":"2023-09-07T00:08:08","modified_gmt":"2023-09-06T22:08:08","slug":"reembolso_devoluciones","status":"publish","type":"page","link":"https:\/\/unacura.com\/index.php\/reembolso_devoluciones\/","title":{"rendered":"Pol\u00edtica de devoluciones y reembolsos"},"content":{"rendered":"<style>.kb-row-layout-wrap.wp-block-kadence-rowlayout.kb-row-layout-id14_e2fa6d-99{margin-bottom:0px;}.kb-row-layout-id14_e2fa6d-99 > .kt-row-column-wrap{align-content:start;}:where(.kb-row-layout-id14_e2fa6d-99 > .kt-row-column-wrap) > .wp-block-kadence-column{justify-content:start;}.kb-row-layout-id14_e2fa6d-99 > .kt-row-column-wrap{column-gap:var(--global-kb-gap-md, 2rem);row-gap:var(--global-kb-gap-md, 2rem);padding-top:24px;padding-right:100px;padding-bottom:24px;padding-left:100px;grid-template-columns:minmax(0, 1fr) minmax(0, 2fr);}.kb-row-layout-id14_e2fa6d-99 > .kt-row-layout-overlay{opacity:0.30;}@media all and (max-width: 1024px){.kb-row-layout-id14_e2fa6d-99 > .kt-row-column-wrap{grid-template-columns:minmax(0, 1fr) minmax(0, 2fr);}}@media all and (max-width: 767px){.kb-row-layout-id14_e2fa6d-99 > .kt-row-column-wrap{grid-template-columns:minmax(0, 1fr);}}<\/style><div class=\"kb-row-layout-wrap kb-row-layout-id14_e2fa6d-99 alignfull wp-block-kadence-rowlayout\"><div class=\"kt-row-column-wrap kt-has-2-columns kt-row-layout-right-golden kt-tab-layout-inherit kt-mobile-layout-row kt-row-valign-top\">\n<style>.kadence-column14_d3b414-ba > .kt-inside-inner-col,.kadence-column14_d3b414-ba > .kt-inside-inner-col:before{border-top-left-radius:0px;border-top-right-radius:0px;border-bottom-right-radius:0px;border-bottom-left-radius:0px;}.kadence-column14_d3b414-ba > .kt-inside-inner-col{column-gap:var(--global-kb-gap-sm, 1rem);}.kadence-column14_d3b414-ba > .kt-inside-inner-col{flex-direction:column;}.kadence-column14_d3b414-ba > .kt-inside-inner-col > .aligncenter{width:100%;}.kadence-column14_d3b414-ba > .kt-inside-inner-col:before{opacity:0.3;}.kadence-column14_d3b414-ba{position:relative;}@media all and (max-width: 1024px){.kadence-column14_d3b414-ba > .kt-inside-inner-col{flex-direction:column;justify-content:center;}}@media all and (max-width: 767px){.kadence-column14_d3b414-ba > .kt-inside-inner-col{flex-direction:column;justify-content:center;}}<\/style>\n<div class=\"wp-block-kadence-column kadence-column14_d3b414-ba\"><div class=\"kt-inside-inner-col\"><style>.kb-image14_182628-6b .kb-image-has-overlay:after{opacity:0.3;}<\/style>\n<figure class=\"wp-block-kadence-image kb-image14_182628-6b alignwide size-full\"><img loading=\"lazy\" decoding=\"async\" width=\"400\" height=\"267\" src=\"https:\/\/unacura.com\/wp-content\/uploads\/2023\/09\/rsw_400cg_truem.webp\" alt=\"\" class=\"kb-img wp-image-109\" srcset=\"https:\/\/unacura.com\/wp-content\/uploads\/2023\/09\/rsw_400cg_truem.webp 400w, https:\/\/unacura.com\/wp-content\/uploads\/2023\/09\/rsw_400cg_truem-300x200.webp 300w\" sizes=\"auto, (max-width: 400px) 100vw, 400px\" \/><\/figure>\n<\/div><\/div>\n\n\n<style>.kadence-column14_b20912-e5 > .kt-inside-inner-col,.kadence-column14_b20912-e5 > .kt-inside-inner-col:before{border-top-left-radius:0px;border-top-right-radius:0px;border-bottom-right-radius:0px;border-bottom-left-radius:0px;}.kadence-column14_b20912-e5 > .kt-inside-inner-col{column-gap:var(--global-kb-gap-sm, 1rem);}.kadence-column14_b20912-e5 > .kt-inside-inner-col{flex-direction:column;}.kadence-column14_b20912-e5 > .kt-inside-inner-col > .aligncenter{width:100%;}.kadence-column14_b20912-e5 > .kt-inside-inner-col:before{opacity:0.3;}.kadence-column14_b20912-e5{position:relative;}@media all and (max-width: 1024px){.kadence-column14_b20912-e5 > .kt-inside-inner-col{flex-direction:column;justify-content:center;}}@media all and (max-width: 767px){.kadence-column14_b20912-e5 > .kt-inside-inner-col{flex-direction:column;justify-content:center;}}<\/style>\n<div class=\"wp-block-kadence-column kadence-column14_b20912-e5\"><div class=\"kt-inside-inner-col\">\n<h4 class=\"wp-block-heading\">Pol\u00edtica de Reembolso<\/h4>\n\n\n\n<p>Puede solicitar un reembolso dentro de los primeros 5 d\u00edas posteriores a la compra si su producto todav\u00eda no ha sido enviado. Dependiendo de como realiz\u00f3 su pago, su reembolso puede demorar de 5 a 7 d\u00edas h\u00e1biles en procesarse por completo. El dinero sera transferido a la cuenta de donde se efectu\u00f3 la compra.&nbsp;<\/p>\n\n\n\n<h4 class=\"wp-block-heading\">Limitaciones<\/h4>\n\n\n\n<p>\u2022 &nbsp;En caso de solicitar un reembolso una vez que su pedido haya sido procesado y enviado a su destino, se descontar\u00e1 un 10% del total de su compra (no incluye los gastos de env\u00edo).&nbsp;<\/p>\n\n\n\n<p>El reembolso se aplicar\u00e1 al comprador hasta que se haya recibido el producto retornado por paqueter\u00eda.<\/p>\n\n\n\n<p>\u2022 No m\u00e1s de una devoluci\u00f3n dentro de un per\u00edodo de doce meses.<\/p>\n\n\n\n<h4 class=\"wp-block-heading\">Manejo y Gastos de Env\u00edo<\/h4>\n\n\n\n<p>\u2022 Los gastos de manejo y env\u00edo no son reembolsables; cualquier reembolso ser\u00e1 s\u00f3lo por los costos del producto.<\/p>\n\n\n\n<h4 class=\"wp-block-heading\">Direcciones al Retornar un Pedido<\/h4>\n\n\n\n<p>\u2022 El producto tendr\u00e1 que enviarlo de regreso a la direcci\u00f3n de donde se envi\u00f3.<\/p>\n\n\n\n<p>\u2022 Se recomienda al comprador que nos porporcione la gu\u00eda para poder recibir el producto.<\/p>\n\n\n\n<p>Si tienen m\u00e1s dudas favor de contactarnos para proporcionarle ayuda en este proceso.<\/p>\n<\/div><\/div>\n\n<\/div><\/div>","protected":false},"excerpt":{"rendered":"<p> &#8230; <a title=\"Pol\u00edtica de devoluciones y reembolsos\" class=\"read-more\" href=\"https:\/\/unacura.com\/index.php\/reembolso_devoluciones\/\" aria-label=\"Leer m\u00e1s sobre Pol\u00edtica de devoluciones y reembolsos\">Read more<\/a><\/p>\n","protected":false},"author":1,"featured_media":0,"parent":0,"menu_order":0,"comment_status":"closed","ping_status":"closed","template":"","meta":{"_kad_blocks_custom_css":"","_kad_blocks_head_custom_js":"","_kad_blocks_body_custom_js":"","_kad_blocks_footer_custom_js":"","footnotes":""},"class_list":["post-14","page","type-page","status-publish"],"taxonomy_info":[],"featured_image_src_large":false,"author_info":{"display_name":"alejandro.moreno","author_link":"https:\/\/unacura.com\/index.php\/author\/alejandro-moreno\/"},"comment_info":0,"_links":{"self":[{"href":"https:\/\/unacura.com\/index.php\/wp-json\/wp\/v2\/pages\/14","targetHints":{"allow":["GET"]}}],"collection":[{"href":"https:\/\/unacura.com\/index.php\/wp-json\/wp\/v2\/pages"}],"about":[{"href":"https:\/\/unacura.com\/index.php\/wp-json\/wp\/v2\/types\/page"}],"author":[{"embeddable":true,"href":"https:\/\/unacura.com\/index.php\/wp-json\/wp\/v2\/users\/1"}],"replies":[{"embeddable":true,"href":"https:\/\/unacura.com\/index.php\/wp-json\/wp\/v2\/comments?post=14"}],"version-history":[{"count":3,"href":"https:\/\/unacura.com\/index.php\/wp-json\/wp\/v2\/pages\/14\/revisions"}],"predecessor-version":[{"id":111,"href":"https:\/\/unacura.com\/index.php\/wp-json\/wp\/v2\/pages\/14\/revisions\/111"}],"wp:attachment":[{"href":"https:\/\/unacura.com\/index.php\/wp-json\/wp\/v2\/media?parent=14"}],"curies":[{"name":"wp","href":"https:\/\/api.w.org\/{rel}","templated":true}]}}