{"id":140,"date":"2023-09-07T01:02:31","date_gmt":"2023-09-06T23:02:31","guid":{"rendered":"https:\/\/unacura.com\/?post_type=product&#038;p=140"},"modified":"2026-03-17T04:10:54","modified_gmt":"2026-03-17T10:10:54","slug":"pci-plata-coloidal-ionica","status":"publish","type":"product","link":"https:\/\/unacura.com\/index.php\/producto\/pci-plata-coloidal-ionica\/","title":{"rendered":"PCI\u00ae &#8211; Plata Coloidal I\u00f3nica"},"content":{"rendered":"","protected":false},"excerpt":{"rendered":"<p><strong class=\"x-el x-el-span c2-v c2-w c2-3 c2-52 c2-17 c2-53 c2-54\">*Botella color ambar tiene tapa color blanco por el momento.<\/strong><\/p>\n<p>PCI Plata Coloidal I\u00f3nica<br \/>\nSuplemento alimenticio (diet\u00e9tico) natural<br \/>\nBotella de 237 mililitros \/ 8 onzas<br \/>\nCompuesto de agua destilada con plata a 12 ppm<br \/>\nConsumo diario: Var\u00f3n 8.4 mililitros, Mujer 7.0 mililitros y Ni\u00f1os de 3.0 a 6.0 mililitros.<br \/>\nHecho en M\u00e9xico<br \/>\n<strong class=\"x-el x-el-span c2-v c2-w c2-3 c2-52 c2-17 c2-53 c2-54\"><br \/>\nConoce m\u00e1s acerca del\u00a0<\/strong><a class=\"x-el x-el-a c2-v c2-w c2-57 c2-y c2-z c2-58 c2-11 c2-59 c2-3 c2-13 c2-14 c2-15 c2-16\" href=\"https:\/\/unacura.com\/index.php\/pci\/\" rel=\"\"><strong class=\"x-el x-el-span c2-v c2-w c2-3 c2-52 c2-17 c2-53 c2-54\">PCI<\/strong><\/a><\/p>\n<p><strong class=\"x-el x-el-span c2-v c2-w c2-3 c2-52 c2-17 c2-53 c2-54\">Aviso:<\/strong>\u00a0<strong class=\"x-el x-el-span c2-v c2-w c2-3 c2-52 c2-17 c2-53 c2-54\">Precio incluye comisi\u00f3n por la transacci\u00f3n electr\u00f3nica.<\/strong><br \/>\n&#8220;EL CONSUMO DE ESTE PRODUCTO ES RESPONSABILIDAD DE QUIEN LO RECOMIENDA Y DE QUIEN LO USA\u201d y \u201cESTE PRODUCTO NO ES UN MEDICAMENTO\u201d.<\/p>\n<p>De la COFEPRIS: Registros pendientes sanitarios 193300CO362358 y 193300CO362359. \u00a0De la FDA: &#8220;These statements have not been evaluated by the Food and Drug Administration. This product is not intended to diagnose, treat, cure, or prevent any disease. DESINTOX: Registered: is a GRAS product and therefore catalogued as Generally Recommended As Safe by the FDA.<\/p>\n","protected":false},"featured_media":72,"comment_status":"open","ping_status":"closed","template":"","meta":{"_kad_blocks_custom_css":"","_kad_blocks_head_custom_js":"","_kad_blocks_body_custom_js":"","_kad_blocks_footer_custom_js":""},"product_brand":[],"product_cat":[20],"product_tag":[17],"class_list":{"0":"post-140","1":"product","2":"type-product","3":"status-publish","4":"has-post-thumbnail","6":"product_cat-tienda-mexico","7":"product_tag-pci","8":"resize-featured-image","9":"sales-flash-overlay","10":"woocommerce-text-align-center","11":"woocommerce-image-align-center","12":"do-quantity-buttons","14":"first","15":"instock","16":"shipping-taxable","17":"purchasable","18":"product-type-simple"},"taxonomy_info":{"product_cat":[{"value":20,"label":"Tienda M\u00e9xico"}],"product_tag":[{"value":17,"label":"PCI"}]},"featured_image_src_large":["https:\/\/unacura.com\/wp-content\/uploads\/2023\/09\/PCI-ambar-bottle-for-web-1.webp",800,776,false],"author_info":[],"comment_info":30,"_links":{"self":[{"href":"https:\/\/unacura.com\/index.php\/wp-json\/wp\/v2\/product\/140","targetHints":{"allow":["GET"]}}],"collection":[{"href":"https:\/\/unacura.com\/index.php\/wp-json\/wp\/v2\/product"}],"about":[{"href":"https:\/\/unacura.com\/index.php\/wp-json\/wp\/v2\/types\/product"}],"replies":[{"embeddable":true,"href":"https:\/\/unacura.com\/index.php\/wp-json\/wp\/v2\/comments?post=140"}],"wp:featuredmedia":[{"embeddable":true,"href":"https:\/\/unacura.com\/index.php\/wp-json\/wp\/v2\/media\/72"}],"wp:attachment":[{"href":"https:\/\/unacura.com\/index.php\/wp-json\/wp\/v2\/media?parent=140"}],"wp:term":[{"taxonomy":"product_brand","embeddable":true,"href":"https:\/\/unacura.com\/index.php\/wp-json\/wp\/v2\/product_brand?post=140"},{"taxonomy":"product_cat","embeddable":true,"href":"https:\/\/unacura.com\/index.php\/wp-json\/wp\/v2\/product_cat?post=140"},{"taxonomy":"product_tag","embeddable":true,"href":"https:\/\/unacura.com\/index.php\/wp-json\/wp\/v2\/product_tag?post=140"}],"curies":[{"name":"wp","href":"https:\/\/api.w.org\/{rel}","templated":true}]}}